{"id":75,"date":"2021-02-02T10:37:08","date_gmt":"2021-02-02T09:37:08","guid":{"rendered":"http:\/\/photospresses.com\/?page_id=75"},"modified":"2021-02-04T22:06:26","modified_gmt":"2021-02-04T21:06:26","slug":"visa-pour-image","status":"publish","type":"page","link":"https:\/\/photospresses.com\/rl_gallery\/images-anodines\/?page_id=75","title":{"rendered":"Visa pour Image"},"content":{"rendered":"<div id=\"pl-75\"  class=\"panel-layout\" ><div id=\"pg-75-0\"  class=\"panel-grid panel-no-style\" ><div id=\"pgc-75-0-0\"  class=\"panel-grid-cell\" ><div id=\"panel-75-0-0-0\" class=\"so-panel widget widget_sow-editor panel-first-child panel-last-child\" data-index=\"0\" ><div\n\t\t\t\n\t\t\tclass=\"so-widget-sow-editor so-widget-sow-editor-base\"\n\t\t\t\n\t\t>\n<div class=\"siteorigin-widget-tinymce textwidget\">\n\t<p><iframe loading=\"lazy\" src=\"https:\/\/www.youtube.com\/embed\/u41zw8OSc1U\" width=\"950\" height=\"515\" frameborder=\"0\" allowfullscreen=\"allowfullscreen\"><span data-mce-type=\"bookmark\" style=\"display: inline-block; width: 0px; overflow: hidden; line-height: 0;\" class=\"mce_SELRES_start\">\ufeff<\/span><span data-mce-type=\"bookmark\" style=\"display: inline-block; width: 0px; overflow: hidden; line-height: 0;\" class=\"mce_SELRES_start\">\ufeff<\/span><\/iframe><\/p>\n<p>&nbsp;<\/p>\n<audio class=\"wp-audio-shortcode\" id=\"audio-75-1\" preload=\"none\" style=\"width: 100%;\" controls=\"controls\"><source type=\"audio\/mpeg\" src=\"http:\/\/photospresses.com\/wp-content\/uploads\/2019\/08\/C\u00e9tait-le-direct.-Visa-pour-limage-31e-\u00e9dition.mp3?_=1\" \/><a href=\"http:\/\/photospresses.com\/wp-content\/uploads\/2019\/08\/C\u00e9tait-le-direct.-Visa-pour-limage-31e-\u00e9dition.mp3\">http:\/\/photospresses.com\/wp-content\/uploads\/2019\/08\/C\u00e9tait-le-direct.-Visa-pour-limage-31e-\u00e9dition.mp3<\/a><\/audio>\n<p><img loading=\"lazy\" decoding=\"async\" class=\"alignnone size-medium wp-image-110\" src=\"http:\/\/photospresses.com\/wp-content\/uploads\/2019\/08\/IMG_9153-Copie-300x204.jpg\" alt=\"\" width=\"300\" height=\"204\" srcset=\"https:\/\/photospresses.com\/wp-content\/uploads\/2019\/08\/IMG_9153-Copie-300x204.jpg 300w, https:\/\/photospresses.com\/wp-content\/uploads\/2019\/08\/IMG_9153-Copie-768x522.jpg 768w, https:\/\/photospresses.com\/wp-content\/uploads\/2019\/08\/IMG_9153-Copie.jpg 1024w, https:\/\/photospresses.com\/wp-content\/uploads\/2019\/08\/IMG_9153-Copie-60x42.jpg 60w, https:\/\/photospresses.com\/wp-content\/uploads\/2019\/08\/IMG_9153-Copie-665x452.jpg 665w\" sizes=\"auto, (max-width: 300px) 100vw, 300px\" \/><img loading=\"lazy\" decoding=\"async\" class=\"alignnone size-medium wp-image-111\" src=\"http:\/\/photospresses.com\/wp-content\/uploads\/2019\/08\/IMG_9211-300x200.jpg\" alt=\"\" width=\"300\" height=\"200\" srcset=\"https:\/\/photospresses.com\/wp-content\/uploads\/2019\/08\/IMG_9211-300x200.jpg 300w, https:\/\/photospresses.com\/wp-content\/uploads\/2019\/08\/IMG_9211-768x512.jpg 768w, https:\/\/photospresses.com\/wp-content\/uploads\/2019\/08\/IMG_9211-1024x683.jpg 1024w, https:\/\/photospresses.com\/wp-content\/uploads\/2019\/08\/IMG_9211-665x443.jpg 665w, https:\/\/photospresses.com\/wp-content\/uploads\/2019\/08\/IMG_9211-272x182.jpg 272w\" sizes=\"auto, (max-width: 300px) 100vw, 300px\" \/><img loading=\"lazy\" decoding=\"async\" class=\"alignnone size-medium wp-image-112\" src=\"http:\/\/photospresses.com\/wp-content\/uploads\/2019\/08\/IMG_9267-300x200.jpg\" alt=\"\" width=\"300\" height=\"200\" srcset=\"https:\/\/photospresses.com\/wp-content\/uploads\/2019\/08\/IMG_9267-300x200.jpg 300w, https:\/\/photospresses.com\/wp-content\/uploads\/2019\/08\/IMG_9267-768x512.jpg 768w, https:\/\/photospresses.com\/wp-content\/uploads\/2019\/08\/IMG_9267-1024x683.jpg 1024w, https:\/\/photospresses.com\/wp-content\/uploads\/2019\/08\/IMG_9267-665x443.jpg 665w, https:\/\/photospresses.com\/wp-content\/uploads\/2019\/08\/IMG_9267-272x182.jpg 272w\" sizes=\"auto, (max-width: 300px) 100vw, 300px\" \/><img loading=\"lazy\" decoding=\"async\" class=\"alignnone size-medium wp-image-114\" src=\"http:\/\/photospresses.com\/wp-content\/uploads\/2019\/08\/Visa-13-004-300x200.jpg\" alt=\"\" width=\"300\" height=\"200\" srcset=\"https:\/\/photospresses.com\/wp-content\/uploads\/2019\/08\/Visa-13-004-300x200.jpg 300w, https:\/\/photospresses.com\/wp-content\/uploads\/2019\/08\/Visa-13-004-768x512.jpg 768w, https:\/\/photospresses.com\/wp-content\/uploads\/2019\/08\/Visa-13-004.jpg 1024w, https:\/\/photospresses.com\/wp-content\/uploads\/2019\/08\/Visa-13-004-665x444.jpg 665w, https:\/\/photospresses.com\/wp-content\/uploads\/2019\/08\/Visa-13-004-272x182.jpg 272w\" sizes=\"auto, (max-width: 300px) 100vw, 300px\" \/><img loading=\"lazy\" decoding=\"async\" class=\"alignnone size-medium wp-image-95\" src=\"http:\/\/photospresses.com\/wp-content\/uploads\/2019\/08\/IMG_9421-300x200.jpg\" alt=\"\" width=\"300\" height=\"200\" srcset=\"https:\/\/photospresses.com\/wp-content\/uploads\/2019\/08\/IMG_9421-300x200.jpg 300w, https:\/\/photospresses.com\/wp-content\/uploads\/2019\/08\/IMG_9421-768x512.jpg 768w, https:\/\/photospresses.com\/wp-content\/uploads\/2019\/08\/IMG_9421-1024x683.jpg 1024w, https:\/\/photospresses.com\/wp-content\/uploads\/2019\/08\/IMG_9421-665x443.jpg 665w, https:\/\/photospresses.com\/wp-content\/uploads\/2019\/08\/IMG_9421-272x182.jpg 272w\" sizes=\"auto, (max-width: 300px) 100vw, 300px\" \/> <img loading=\"lazy\" decoding=\"async\" class=\"alignnone size-medium wp-image-96\" src=\"http:\/\/photospresses.com\/wp-content\/uploads\/2019\/08\/IMG_9371-Copie-300x200.jpg\" alt=\"\" width=\"300\" height=\"200\" srcset=\"https:\/\/photospresses.com\/wp-content\/uploads\/2019\/08\/IMG_9371-Copie-300x200.jpg 300w, https:\/\/photospresses.com\/wp-content\/uploads\/2019\/08\/IMG_9371-Copie-768x512.jpg 768w, https:\/\/photospresses.com\/wp-content\/uploads\/2019\/08\/IMG_9371-Copie-1024x683.jpg 1024w, https:\/\/photospresses.com\/wp-content\/uploads\/2019\/08\/IMG_9371-Copie-665x443.jpg 665w, https:\/\/photospresses.com\/wp-content\/uploads\/2019\/08\/IMG_9371-Copie-272x182.jpg 272w\" sizes=\"auto, (max-width: 300px) 100vw, 300px\" \/> \u00a0<img loading=\"lazy\" decoding=\"async\" class=\"alignnone size-medium wp-image-101\" src=\"http:\/\/photospresses.com\/wp-content\/uploads\/2019\/08\/IMG_9317-Copie-300x200.jpg\" alt=\"\" width=\"300\" height=\"200\" srcset=\"https:\/\/photospresses.com\/wp-content\/uploads\/2019\/08\/IMG_9317-Copie-300x200.jpg 300w, https:\/\/photospresses.com\/wp-content\/uploads\/2019\/08\/IMG_9317-Copie-768x512.jpg 768w, https:\/\/photospresses.com\/wp-content\/uploads\/2019\/08\/IMG_9317-Copie.jpg 1024w, https:\/\/photospresses.com\/wp-content\/uploads\/2019\/08\/IMG_9317-Copie-665x444.jpg 665w, https:\/\/photospresses.com\/wp-content\/uploads\/2019\/08\/IMG_9317-Copie-272x182.jpg 272w\" sizes=\"auto, (max-width: 300px) 100vw, 300px\" \/> <img loading=\"lazy\" decoding=\"async\" class=\"alignnone size-medium wp-image-99\" src=\"http:\/\/photospresses.com\/wp-content\/uploads\/2019\/08\/IMG_9396-300x200.jpg\" alt=\"\" width=\"300\" height=\"200\" srcset=\"https:\/\/photospresses.com\/wp-content\/uploads\/2019\/08\/IMG_9396-300x200.jpg 300w, https:\/\/photospresses.com\/wp-content\/uploads\/2019\/08\/IMG_9396-768x512.jpg 768w, https:\/\/photospresses.com\/wp-content\/uploads\/2019\/08\/IMG_9396-1024x683.jpg 1024w, https:\/\/photospresses.com\/wp-content\/uploads\/2019\/08\/IMG_9396-665x443.jpg 665w, https:\/\/photospresses.com\/wp-content\/uploads\/2019\/08\/IMG_9396-272x182.jpg 272w\" sizes=\"auto, (max-width: 300px) 100vw, 300px\" \/> <img loading=\"lazy\" decoding=\"async\" class=\"alignnone size-medium wp-image-98\" src=\"http:\/\/photospresses.com\/wp-content\/uploads\/2019\/08\/IMG_9412-300x200.jpg\" alt=\"\" width=\"300\" height=\"200\" srcset=\"https:\/\/photospresses.com\/wp-content\/uploads\/2019\/08\/IMG_9412-300x200.jpg 300w, https:\/\/photospresses.com\/wp-content\/uploads\/2019\/08\/IMG_9412-768x512.jpg 768w, https:\/\/photospresses.com\/wp-content\/uploads\/2019\/08\/IMG_9412-1024x683.jpg 1024w, https:\/\/photospresses.com\/wp-content\/uploads\/2019\/08\/IMG_9412-665x443.jpg 665w, https:\/\/photospresses.com\/wp-content\/uploads\/2019\/08\/IMG_9412-272x182.jpg 272w\" sizes=\"auto, (max-width: 300px) 100vw, 300px\" \/> <img loading=\"lazy\" decoding=\"async\" class=\"alignnone size-medium wp-image-97\" src=\"http:\/\/photospresses.com\/wp-content\/uploads\/2019\/08\/IMG_9388-200x300.jpg\" alt=\"\" width=\"200\" height=\"300\" srcset=\"https:\/\/photospresses.com\/wp-content\/uploads\/2019\/08\/IMG_9388-200x300.jpg 200w, https:\/\/photospresses.com\/wp-content\/uploads\/2019\/08\/IMG_9388-768x1152.jpg 768w, https:\/\/photospresses.com\/wp-content\/uploads\/2019\/08\/IMG_9388-683x1024.jpg 683w, https:\/\/photospresses.com\/wp-content\/uploads\/2019\/08\/IMG_9388-665x998.jpg 665w\" sizes=\"auto, (max-width: 200px) 100vw, 200px\" \/> <img loading=\"lazy\" decoding=\"async\" class=\"alignnone size-medium wp-image-104\" src=\"http:\/\/photospresses.com\/wp-content\/uploads\/2019\/08\/IMG_9166-200x300.jpg\" alt=\"\" width=\"200\" height=\"300\" srcset=\"https:\/\/photospresses.com\/wp-content\/uploads\/2019\/08\/IMG_9166-200x300.jpg 200w, https:\/\/photospresses.com\/wp-content\/uploads\/2019\/08\/IMG_9166-768x1152.jpg 768w, https:\/\/photospresses.com\/wp-content\/uploads\/2019\/08\/IMG_9166-683x1024.jpg 683w, https:\/\/photospresses.com\/wp-content\/uploads\/2019\/08\/IMG_9166-665x998.jpg 665w\" sizes=\"auto, (max-width: 200px) 100vw, 200px\" \/> <img loading=\"lazy\" decoding=\"async\" class=\"alignnone size-medium wp-image-105\" src=\"http:\/\/photospresses.com\/wp-content\/uploads\/2019\/08\/IMG_9139-200x300.jpg\" alt=\"\" width=\"200\" height=\"300\" srcset=\"https:\/\/photospresses.com\/wp-content\/uploads\/2019\/08\/IMG_9139-200x300.jpg 200w, https:\/\/photospresses.com\/wp-content\/uploads\/2019\/08\/IMG_9139-768x1152.jpg 768w, https:\/\/photospresses.com\/wp-content\/uploads\/2019\/08\/IMG_9139-683x1024.jpg 683w, https:\/\/photospresses.com\/wp-content\/uploads\/2019\/08\/IMG_9139-665x998.jpg 665w\" sizes=\"auto, (max-width: 200px) 100vw, 200px\" \/> <img loading=\"lazy\" decoding=\"async\" class=\"alignnone size-medium wp-image-103\" src=\"http:\/\/photospresses.com\/wp-content\/uploads\/2019\/08\/IMG_9181-200x300.jpg\" alt=\"\" width=\"200\" height=\"300\" srcset=\"https:\/\/photospresses.com\/wp-content\/uploads\/2019\/08\/IMG_9181-200x300.jpg 200w, https:\/\/photospresses.com\/wp-content\/uploads\/2019\/08\/IMG_9181-768x1152.jpg 768w, https:\/\/photospresses.com\/wp-content\/uploads\/2019\/08\/IMG_9181-683x1024.jpg 683w, https:\/\/photospresses.com\/wp-content\/uploads\/2019\/08\/IMG_9181-665x998.jpg 665w\" sizes=\"auto, (max-width: 200px) 100vw, 200px\" \/><img loading=\"lazy\" decoding=\"async\" class=\"alignnone size-medium wp-image-1633\" src=\"http:\/\/photospresses.com\/wp-content\/uploads\/2019\/08\/IMG_9630-300x200.jpg\" alt=\"\" width=\"300\" height=\"200\" srcset=\"https:\/\/photospresses.com\/wp-content\/uploads\/2019\/08\/IMG_9630-300x200.jpg 300w, https:\/\/photospresses.com\/wp-content\/uploads\/2019\/08\/IMG_9630-768x512.jpg 768w, https:\/\/photospresses.com\/wp-content\/uploads\/2019\/08\/IMG_9630-1024x683.jpg 1024w, https:\/\/photospresses.com\/wp-content\/uploads\/2019\/08\/IMG_9630-665x443.jpg 665w, https:\/\/photospresses.com\/wp-content\/uploads\/2019\/08\/IMG_9630-272x182.jpg 272w\" sizes=\"auto, (max-width: 300px) 100vw, 300px\" \/> <img loading=\"lazy\" decoding=\"async\" class=\"alignnone size-medium wp-image-1634\" src=\"http:\/\/photospresses.com\/wp-content\/uploads\/2019\/08\/IMG_9636-200x300.jpg\" alt=\"\" width=\"200\" height=\"300\" srcset=\"https:\/\/photospresses.com\/wp-content\/uploads\/2019\/08\/IMG_9636-200x300.jpg 200w, https:\/\/photospresses.com\/wp-content\/uploads\/2019\/08\/IMG_9636-768x1152.jpg 768w, https:\/\/photospresses.com\/wp-content\/uploads\/2019\/08\/IMG_9636-683x1024.jpg 683w, https:\/\/photospresses.com\/wp-content\/uploads\/2019\/08\/IMG_9636-665x998.jpg 665w\" sizes=\"auto, (max-width: 200px) 100vw, 200px\" \/><br \/>\n<iframe loading=\"lazy\" src=\"https:\/\/www.dailymotion.com\/embed\/video\/x6t1wf8?autoPlay=1\" width=\"980\" height=\"570\" frameborder=\"0\" allowfullscreen=\"allowfullscreen\"><\/iframe><\/p>\n<p><iframe loading=\"lazy\" src=\"https:\/\/www.dailymotion.com\/embed\/video\/x7fqict?autoPlay=1\" width=\"880\" height=\"270\" frameborder=\"0\" allowfullscreen=\"allowfullscreen\"><\/iframe><iframe loading=\"lazy\" src=\"https:\/\/www.youtube.com\/embed\/0-WGNePyC0o\" width=\"960\" height=\"315\" frameborder=\"0\" allowfullscreen=\"allowfullscreen\"><span data-mce-type=\"bookmark\" style=\"display: inline-block; width: 0px; overflow: hidden; line-height: 0;\" class=\"mce_SELRES_start\">\ufeff<\/span><span data-mce-type=\"bookmark\" style=\"display: inline-block; width: 0px; overflow: hidden; line-height: 0;\" class=\"mce_SELRES_start\">\ufeff<\/span><\/iframe><iframe loading=\"lazy\" src=\"https:\/\/www.youtube.com\/embed\/2mgwtbvCs4Q\" width=\"950\" height=\"315\" frameborder=\"0\" allowfullscreen=\"allowfullscreen\"><span data-mce-type=\"bookmark\" style=\"display: inline-block; width: 0px; overflow: hidden; line-height: 0;\" class=\"mce_SELRES_start\">\ufeff<\/span><span data-mce-type=\"bookmark\" style=\"display: inline-block; width: 0px; overflow: hidden; line-height: 0;\" class=\"mce_SELRES_start\">\ufeff<\/span><span data-mce-type=\"bookmark\" style=\"display: inline-block; width: 0px; overflow: hidden; line-height: 0;\" class=\"mce_SELRES_start\">\ufeff<\/span><span data-mce-type=\"bookmark\" style=\"display: inline-block; width: 0px; overflow: hidden; line-height: 0;\" class=\"mce_SELRES_start\">\ufeff<\/span><\/iframe><\/p>\n<\/div>\n<\/div><\/div><\/div><\/div><div id=\"pg-75-1\"  class=\"panel-grid panel-no-style\" ><div id=\"pgc-75-1-0\"  class=\"panel-grid-cell\" ><div id=\"panel-75-1-0-0\" class=\"so-panel widget widget_sow-editor panel-first-child panel-last-child\" data-index=\"1\" ><div\n\t\t\t\n\t\t\tclass=\"so-widget-sow-editor so-widget-sow-editor-base\"\n\t\t\t\n\t\t>\n<div class=\"siteorigin-widget-tinymce textwidget\">\n\t<p><img loading=\"lazy\" decoding=\"async\" class=\"aligncenter wp-image-1654 size-large\" src=\"http:\/\/photospresses.com\/wp-content\/uploads\/2019\/08\/jperpi-1-1024x668.jpg\" alt=\"\" width=\"665\" height=\"434\" srcset=\"https:\/\/photospresses.com\/wp-content\/uploads\/2019\/08\/jperpi-1-1024x668.jpg 1024w, https:\/\/photospresses.com\/wp-content\/uploads\/2019\/08\/jperpi-1-300x196.jpg 300w, https:\/\/photospresses.com\/wp-content\/uploads\/2019\/08\/jperpi-1-768x501.jpg 768w, https:\/\/photospresses.com\/wp-content\/uploads\/2019\/08\/jperpi-1-665x434.jpg 665w, https:\/\/photospresses.com\/wp-content\/uploads\/2019\/08\/jperpi-1.jpg 1799w\" sizes=\"auto, (max-width: 665px) 100vw, 665px\" \/><\/p>\n<p>&nbsp;<\/p>\n<p><img loading=\"lazy\" decoding=\"async\" class=\"aligncenter wp-image-1703 size-full\" src=\"http:\/\/photospresses.com\/wp-content\/uploads\/2021\/02\/Photographe.jpg\" alt=\"\" width=\"633\" height=\"873\" srcset=\"https:\/\/photospresses.com\/wp-content\/uploads\/2021\/02\/Photographe.jpg 633w, https:\/\/photospresses.com\/wp-content\/uploads\/2021\/02\/Photographe-218x300.jpg 218w\" sizes=\"auto, (max-width: 633px) 100vw, 633px\" \/><\/p>\n<p>Surimpression argentique : Canon T90. Autoportrait. <strong>Jean Canal<\/strong> \u00e0 la 12\u00b0 de Visa pour Image. Vous avez beaucoup de chance avec Lui, il a gard\u00e9 les clich\u00e9s argentiques (\u00e9videmment) des premi\u00e8res ann\u00e9es de cette manifestation d'exception. On y voit, vous y verrez donc, le Couvent des Minimes \u00e0 l'\u00e9tat brut : c'est \u00e0 dire avec une cour int\u00e9rieure aux fen\u00eatres cass\u00e9es d'o\u00f9 un embl\u00e9matique clich\u00e9 vous sera livr\u00e9, quand il le retrouvera...dans ses archives.<\/p>\n<p><a data-pin-do=\"embedBoard\" data-pin-lang=\"fr\" data-pin-board-width=\"400\" data-pin-scale-height=\"240\" data-pin-scale-width=\"80\" href=\"https:\/\/www.pinterest.fr\/jcanalpresse\/pins\/\"><\/a><\/p>\n<\/div>\n<\/div><\/div><\/div><div id=\"pgc-75-1-1\"  class=\"panel-grid-cell\" ><div id=\"panel-75-1-1-0\" class=\"so-panel widget widget_sow-editor panel-first-child panel-last-child\" data-index=\"2\" ><div\n\t\t\t\n\t\t\tclass=\"so-widget-sow-editor so-widget-sow-editor-base\"\n\t\t\t\n\t\t><h3 class=\"widget-title\">Visa 2019. Couvent des Minimes<\/h3>\n<div class=\"siteorigin-widget-tinymce textwidget\">\n\t<p>&nbsp;<\/p>\n<p><img loading=\"lazy\" decoding=\"async\" class=\"alignnone wp-image-1673 size-large\" src=\"http:\/\/photospresses.com\/wp-content\/uploads\/2019\/09\/IMG_1122-1024x683.jpg\" alt=\"\" width=\"665\" height=\"444\" srcset=\"https:\/\/photospresses.com\/wp-content\/uploads\/2019\/09\/IMG_1122-1024x683.jpg 1024w, https:\/\/photospresses.com\/wp-content\/uploads\/2019\/09\/IMG_1122-300x200.jpg 300w, https:\/\/photospresses.com\/wp-content\/uploads\/2019\/09\/IMG_1122-768x512.jpg 768w, https:\/\/photospresses.com\/wp-content\/uploads\/2019\/09\/IMG_1122-665x443.jpg 665w, https:\/\/photospresses.com\/wp-content\/uploads\/2019\/09\/IMG_1122-272x182.jpg 272w\" sizes=\"auto, (max-width: 665px) 100vw, 665px\" \/><img loading=\"lazy\" decoding=\"async\" class=\"alignnone wp-image-1677 size-large\" src=\"http:\/\/photospresses.com\/wp-content\/uploads\/2019\/09\/IMG_1101-1024x683.jpg\" alt=\"\" width=\"665\" height=\"444\" srcset=\"https:\/\/photospresses.com\/wp-content\/uploads\/2019\/09\/IMG_1101-1024x683.jpg 1024w, https:\/\/photospresses.com\/wp-content\/uploads\/2019\/09\/IMG_1101-300x200.jpg 300w, https:\/\/photospresses.com\/wp-content\/uploads\/2019\/09\/IMG_1101-768x512.jpg 768w, https:\/\/photospresses.com\/wp-content\/uploads\/2019\/09\/IMG_1101-665x443.jpg 665w, https:\/\/photospresses.com\/wp-content\/uploads\/2019\/09\/IMG_1101-272x182.jpg 272w\" sizes=\"auto, (max-width: 665px) 100vw, 665px\" \/> <img loading=\"lazy\" decoding=\"async\" class=\"alignnone wp-image-1678 size-large\" src=\"http:\/\/photospresses.com\/wp-content\/uploads\/2019\/09\/IMG_1102-1024x683.jpg\" alt=\"\" width=\"665\" height=\"444\" srcset=\"https:\/\/photospresses.com\/wp-content\/uploads\/2019\/09\/IMG_1102-1024x683.jpg 1024w, https:\/\/photospresses.com\/wp-content\/uploads\/2019\/09\/IMG_1102-300x200.jpg 300w, https:\/\/photospresses.com\/wp-content\/uploads\/2019\/09\/IMG_1102-768x512.jpg 768w, https:\/\/photospresses.com\/wp-content\/uploads\/2019\/09\/IMG_1102-665x443.jpg 665w, https:\/\/photospresses.com\/wp-content\/uploads\/2019\/09\/IMG_1102-272x182.jpg 272w\" sizes=\"auto, (max-width: 665px) 100vw, 665px\" \/> <img loading=\"lazy\" decoding=\"async\" class=\"alignnone wp-image-1679 size-large\" src=\"http:\/\/photospresses.com\/wp-content\/uploads\/2019\/09\/IMG_1117-1024x683.jpg\" alt=\"\" width=\"665\" height=\"444\" srcset=\"https:\/\/photospresses.com\/wp-content\/uploads\/2019\/09\/IMG_1117-1024x683.jpg 1024w, https:\/\/photospresses.com\/wp-content\/uploads\/2019\/09\/IMG_1117-300x200.jpg 300w, https:\/\/photospresses.com\/wp-content\/uploads\/2019\/09\/IMG_1117-768x512.jpg 768w, https:\/\/photospresses.com\/wp-content\/uploads\/2019\/09\/IMG_1117-665x443.jpg 665w, https:\/\/photospresses.com\/wp-content\/uploads\/2019\/09\/IMG_1117-272x182.jpg 272w\" sizes=\"auto, (max-width: 665px) 100vw, 665px\" \/> <img loading=\"lazy\" decoding=\"async\" class=\"alignnone wp-image-1680 size-large\" src=\"http:\/\/photospresses.com\/wp-content\/uploads\/2019\/09\/IMG_1127-1024x683.jpg\" alt=\"\" width=\"665\" height=\"444\" srcset=\"https:\/\/photospresses.com\/wp-content\/uploads\/2019\/09\/IMG_1127-1024x683.jpg 1024w, https:\/\/photospresses.com\/wp-content\/uploads\/2019\/09\/IMG_1127-300x200.jpg 300w, https:\/\/photospresses.com\/wp-content\/uploads\/2019\/09\/IMG_1127-768x512.jpg 768w, https:\/\/photospresses.com\/wp-content\/uploads\/2019\/09\/IMG_1127-665x443.jpg 665w, https:\/\/photospresses.com\/wp-content\/uploads\/2019\/09\/IMG_1127-272x182.jpg 272w\" sizes=\"auto, (max-width: 665px) 100vw, 665px\" \/> <img loading=\"lazy\" decoding=\"async\" class=\"alignnone wp-image-1681 size-large\" src=\"http:\/\/photospresses.com\/wp-content\/uploads\/2019\/09\/IMG_1125-1024x683.jpg\" alt=\"\" width=\"665\" height=\"444\" srcset=\"https:\/\/photospresses.com\/wp-content\/uploads\/2019\/09\/IMG_1125-1024x683.jpg 1024w, https:\/\/photospresses.com\/wp-content\/uploads\/2019\/09\/IMG_1125-300x200.jpg 300w, https:\/\/photospresses.com\/wp-content\/uploads\/2019\/09\/IMG_1125-768x512.jpg 768w, https:\/\/photospresses.com\/wp-content\/uploads\/2019\/09\/IMG_1125-665x443.jpg 665w, https:\/\/photospresses.com\/wp-content\/uploads\/2019\/09\/IMG_1125-272x182.jpg 272w\" sizes=\"auto, (max-width: 665px) 100vw, 665px\" \/><\/p>\n<\/div>\n<\/div><\/div><\/div><\/div><div id=\"pg-75-2\"  class=\"panel-grid panel-no-style\" ><div id=\"pgc-75-2-0\"  class=\"panel-grid-cell\" ><div id=\"panel-75-2-0-0\" class=\"so-panel widget widget_sow-editor panel-first-child panel-last-child\" data-index=\"3\" ><div\n\t\t\t\n\t\t\tclass=\"so-widget-sow-editor so-widget-sow-editor-base\"\n\t\t\t\n\t\t>\n<div class=\"siteorigin-widget-tinymce textwidget\">\n\t<\/div>\n<\/div><\/div><\/div><\/div><\/div>","protected":false},"excerpt":{"rendered":"<p>\ufeff\ufeff &nbsp; \u00a0 \ufeff\ufeff\ufeff\ufeff\ufeff\ufeff &nbsp; Surimpression argentique : Canon T90. Autoportrait. Jean Canal \u00e0 la 12\u00b0 de Visa pour Image. Vous avez beaucoup de chance avec Lui, il a gard\u00e9 les clich\u00e9s argentiques (\u00e9videmment) des premi\u00e8res ann\u00e9es de cette manifestation d&rsquo;exception. On y voit, vous y verrez donc, le Couvent des Minimes \u00e0 l&rsquo;\u00e9tat brut &hellip; <a href=\"https:\/\/photospresses.com\/rl_gallery\/images-anodines\/?page_id=75\" class=\"more-link\">Continuer la lecture de <span class=\"screen-reader-text\">Visa pour Image<\/span>  <span class=\"meta-nav\">&rarr;<\/span><\/a><\/p>\n","protected":false},"author":1,"featured_media":0,"parent":0,"menu_order":0,"comment_status":"closed","ping_status":"closed","template":"page-templates\/no-title-full-width.php","meta":{"footnotes":""},"class_list":["post-75","page","type-page","status-publish","hentry"],"_links":{"self":[{"href":"https:\/\/photospresses.com\/rl_gallery\/images-anodines\/index.php?rest_route=\/wp\/v2\/pages\/75","targetHints":{"allow":["GET"]}}],"collection":[{"href":"https:\/\/photospresses.com\/rl_gallery\/images-anodines\/index.php?rest_route=\/wp\/v2\/pages"}],"about":[{"href":"https:\/\/photospresses.com\/rl_gallery\/images-anodines\/index.php?rest_route=\/wp\/v2\/types\/page"}],"author":[{"embeddable":true,"href":"https:\/\/photospresses.com\/rl_gallery\/images-anodines\/index.php?rest_route=\/wp\/v2\/users\/1"}],"replies":[{"embeddable":true,"href":"https:\/\/photospresses.com\/rl_gallery\/images-anodines\/index.php?rest_route=%2Fwp%2Fv2%2Fcomments&post=75"}],"version-history":[{"count":0,"href":"https:\/\/photospresses.com\/rl_gallery\/images-anodines\/index.php?rest_route=\/wp\/v2\/pages\/75\/revisions"}],"wp:attachment":[{"href":"https:\/\/photospresses.com\/rl_gallery\/images-anodines\/index.php?rest_route=%2Fwp%2Fv2%2Fmedia&parent=75"}],"curies":[{"name":"wp","href":"https:\/\/api.w.org\/{rel}","templated":true}]}}